{"id":540,"date":"2024-10-10T21:10:10","date_gmt":"2024-10-10T18:10:10","guid":{"rendered":"https:\/\/folla.fi\/disclaimer\/"},"modified":"2024-10-10T21:10:10","modified_gmt":"2024-10-10T18:10:10","slug":"vastuuvapauslauseke","status":"publish","type":"page","link":"https:\/\/folla.fi\/fi\/disclaimer\/","title":{"rendered":"Vastuuvapauslauseke"},"content":{"rendered":"<!-- Legal document generated by Complianz | GDPR\/CCPA Cookie Consent https:\/\/wordpress.org\/plugins\/complianz-gdpr -->\n<div id=\"cmplz-document\" class=\"cmplz-document disclaimer cmplz-document-all\"><p>Folla Ky on sitoutunut pit\u00e4m\u00e4\u00e4n t\u00e4m\u00e4n verkkosivuston ajan tasalla ja tarkasti. Jos kuitenkin huomaat jotain, joka on virheellinen tai vanhentunut, olisimme kiitollisia, jos voisit kertoa siit\u00e4 meille. Ilmoita, mist\u00e4 sivustosta luit tiedot. Tarkastelemme t\u00e4t\u00e4 sitten mahdollisimman pian. L\u00e4het\u00e4 vastauksesi s\u00e4hk\u00f6postitse osoitteeseen: <span class=\"cmplz-obfuscate\">pr&#105;v&#097;&#099;&#121;@<span class=\"cmplz-fmail-domain\">e&#120;.c&#111;&#109;<\/span>f&#111;&#108;l&#097;&#046;fi<\/span>.<\/p><p>Emme ole vastuussa menetyksist\u00e4, jotka johtavat ep\u00e4tarkkuuksista tai ep\u00e4t\u00e4ydellisyydest\u00e4, emmek\u00e4 menetyksist\u00e4, jotka johtavat Internetin kautta tapahtuvan tiedon levitt\u00e4misen aiheuttamista ongelmista, kuten h\u00e4iri\u00f6ist\u00e4 tai keskeytyksist\u00e4. Verkkolomakkeita k\u00e4ytett\u00e4ess\u00e4 pyrimme rajoittamaan pakollisten kenttien m\u00e4\u00e4r\u00e4n minimiin. Folla Ky ei ota vastuuta mist\u00e4\u00e4n menetyksist\u00e4, jotka aiheutuvat Folla Ky:n t\u00e4m\u00e4n verkkosivuston kautta tai sen puolesta toimittamien tietojen, neuvojen tai ideoiden k\u00e4yt\u00f6st\u00e4.<\/p><p>Sivuston ja kaikkien sen osien (mukaan lukien foorumit) k\u00e4ytt\u00f6\u00e4 koskevat asiakirjat <a href=\"https:\/\/folla.fi\/fi\/terms-conditions\/\" target=\"_blank\">k\u00e4ytt\u00f6ehdot<\/a>. Pelk\u00e4st\u00e4\u00e4n t\u00e4m\u00e4n verkkosivuston k\u00e4ytt\u00f6 edellytt\u00e4\u00e4 n\u00e4iden k\u00e4ytt\u00f6ehtojen tuntemista ja hyv\u00e4ksymist\u00e4.<\/p><p>S\u00e4hk\u00f6postitse tai verkkolomakkeella l\u00e4hetetyt vastaukset ja tietosuojakyselyt k\u00e4sitell\u00e4\u00e4n samalla tavalla kuin kirjeet. T\u00e4m\u00e4 tarkoittaa, ett\u00e4 voit odottaa meilt\u00e4 vastausta viimeist\u00e4\u00e4n 1 kuukauden kuluessa. Monimutkaisissa pyynn\u00f6iss\u00e4 ilmoitamme sinulle 1 kuukauden kuluessa, jos tarvitsemme enint\u00e4\u00e4n 3 kuukautta.<\/p><p>Kaikkia henkil\u00f6tietoja, jotka annat meille vastauksesi tai tietopyynt\u00f6si yhteydess\u00e4, k\u00e4ytet\u00e4\u00e4n vain tietosuojaselosteemme mukaisesti.<\/p><p>Folla Ky tekee kaikkensa suojellakseen j\u00e4rjestelmi\u00e4\u00e4n kaikenlaiselta laittomalta k\u00e4yt\u00f6lt\u00e4. Folla Ky toteuttaa t\u00e4t\u00e4 varten asianmukaiset tekniset ja organisatoriset toimenpiteet ottaen huomioon muun muassa tekniikan tason. Se ei kuitenkaan ole vastuussa mist\u00e4\u00e4n suorista ja\/tai v\u00e4lillisist\u00e4 vahingoista, jotka aiheutuvat verkkosivuston k\u00e4ytt\u00e4j\u00e4lle ja jotka johtavat sen j\u00e4rjestelmien laittomasta k\u00e4yt\u00f6st\u00e4 kolmannen osapuolen toimesta.<\/p><p>Folla Ky ei ota vastuuta sellaisten verkkosivustojen sis\u00e4ll\u00f6st\u00e4, joille tai joista hyperlinkki tai muu viittaus on tehty. Kolmansien osapuolten tarjoamiin tuotteisiin tai palveluihin sovelletaan kyseisten kolmansien osapuolten sovellettavia ehtoja.<\/p><p>Kaikki immateriaalioikeudet t\u00e4m\u00e4n verkkosivuston sis\u00e4lt\u00f6\u00f6n kuuluvat Folla Ky:lle.<\/p><p>N\u00e4iden materiaalien kopioiminen, levitt\u00e4minen ja muu k\u00e4ytt\u00f6 ei ole sallittua ilman Folla Ky:n kirjallista lupaa, paitsi ja vain silt\u00e4 osin kuin pakottavassa laissa (kuten lainausoikeus) toisin m\u00e4\u00e4r\u00e4t\u00e4\u00e4n, ellei tietty sis\u00e4lt\u00f6 toisin m\u00e4\u00e4r\u00e4\u00e4.<\/p><p>Jos sinulla on kysytt\u00e4v\u00e4\u00e4 tai ongelmia verkkosivuston saavutettavuudessa, \u00e4l\u00e4 ep\u00e4r\u00f6i ottaa meihin yhteytt\u00e4.<\/p><\/div>","protected":false},"excerpt":{"rendered":"","protected":false},"author":1,"featured_media":0,"parent":0,"menu_order":0,"comment_status":"closed","ping_status":"closed","template":"","meta":{"footnotes":""},"class_list":["post-540","page","type-page","status-publish","hentry"],"_links":{"self":[{"href":"https:\/\/folla.fi\/fi\/wp-json\/wp\/v2\/pages\/540","targetHints":{"allow":["GET"]}}],"collection":[{"href":"https:\/\/folla.fi\/fi\/wp-json\/wp\/v2\/pages"}],"about":[{"href":"https:\/\/folla.fi\/fi\/wp-json\/wp\/v2\/types\/page"}],"author":[{"embeddable":true,"href":"https:\/\/folla.fi\/fi\/wp-json\/wp\/v2\/users\/1"}],"replies":[{"embeddable":true,"href":"https:\/\/folla.fi\/fi\/wp-json\/wp\/v2\/comments?post=540"}],"version-history":[{"count":0,"href":"https:\/\/folla.fi\/fi\/wp-json\/wp\/v2\/pages\/540\/revisions"}],"wp:attachment":[{"href":"https:\/\/folla.fi\/fi\/wp-json\/wp\/v2\/media?parent=540"}],"curies":[{"name":"wp","href":"https:\/\/api.w.org\/{rel}","templated":true}]}}