{"id":539,"date":"2024-10-10T21:10:10","date_gmt":"2024-10-10T18:10:10","guid":{"rendered":"https:\/\/folla.fi\/imprint\/"},"modified":"2026-02-19T16:13:47","modified_gmt":"2026-02-19T14:13:47","slug":"oikeudelliset-tiedot-saantojen-noudattaminen-yhteyshenkilo","status":"publish","type":"page","link":"https:\/\/folla.fi\/fi\/legal-information-compliance-contact\/","title":{"rendered":"Folla Ky - Verkkosuunnittelu- ja kehityspalvelut Nastolassa, Suomessa | J\u00e4lki- ja lakis\u00e4\u00e4teiset tiedot"},"content":{"rendered":"<!-- Legal document generated by Complianz | GDPR\/CCPA Cookie Consent https:\/\/wordpress.org\/plugins\/complianz-gdpr -->\n<div id=\"cmplz-document\" class=\"cmplz-document impressum cmplz-document-all\"><p><i>T\u00e4m\u00e4 vastuurajoitus p\u00e4ivitettiin viimeksi 23\/09\/2025.<\/i><\/p><p class=\"cmplz-subtitle\">T\u00e4m\u00e4n sivuston omistaja on:<\/p><p>Folla Ky Limited Partnership<br>Aurinkolantie 5, 15560 Nastola<br>Suomi<br>S\u00e4hk\u00f6posti:&nbsp;<span class=\"cmplz-obfuscate\">oli&#118;ier&#046;fo&#110;t&#097;n&#097;@<span class=\"cmplz-fmail-domain\">ex.com<\/span>f&#111;l&#108;&#097;&#046;fi<\/span><br>Puhelinnumero: +358 9 4272 5055<br>Y-Tunnus: 2817099-2<\/p><p class=\"cmplz-subtitle\">Folla Ky Limited Partnership:n lailliset edustajat:<\/p><p>Olivier Laurent Fontana<\/p><h2>1. Yleinen<\/h2><p class=\"cmplz-subtitle\">1.1 Olemme rekister\u00f6ityneet osoitteessa Suomen Patentti- ja rekisterihallitus, Suomen kaupparekisteri lisenssill\u00e4 tai rekister\u00f6intinumerolla:<\/p><p>2817099-2<\/p><p>Olemme valmiita tai velvollisia osallistumaan riidanratkaisumenettelyihin kuluttajan v\u00e4limieslautakunnassa.<\/p><\/div>","protected":false},"excerpt":{"rendered":"<p>Folla Ky &#8211; Web development, design &#038; WordPress maintenance in Nastola, Finland. Healthier, happier websites.<\/p>","protected":false},"author":1,"featured_media":0,"parent":0,"menu_order":0,"comment_status":"closed","ping_status":"closed","template":"","meta":{"footnotes":""},"class_list":["post-539","page","type-page","status-publish","hentry"],"_links":{"self":[{"href":"https:\/\/folla.fi\/fi\/wp-json\/wp\/v2\/pages\/539","targetHints":{"allow":["GET"]}}],"collection":[{"href":"https:\/\/folla.fi\/fi\/wp-json\/wp\/v2\/pages"}],"about":[{"href":"https:\/\/folla.fi\/fi\/wp-json\/wp\/v2\/types\/page"}],"author":[{"embeddable":true,"href":"https:\/\/folla.fi\/fi\/wp-json\/wp\/v2\/users\/1"}],"replies":[{"embeddable":true,"href":"https:\/\/folla.fi\/fi\/wp-json\/wp\/v2\/comments?post=539"}],"version-history":[{"count":1,"href":"https:\/\/folla.fi\/fi\/wp-json\/wp\/v2\/pages\/539\/revisions"}],"predecessor-version":[{"id":986,"href":"https:\/\/folla.fi\/fi\/wp-json\/wp\/v2\/pages\/539\/revisions\/986"}],"wp:attachment":[{"href":"https:\/\/folla.fi\/fi\/wp-json\/wp\/v2\/media?parent=539"}],"curies":[{"name":"wp","href":"https:\/\/api.w.org\/{rel}","templated":true}]}}